
{"id":47,"date":"2024-10-29T13:29:40","date_gmt":"2024-10-29T13:29:40","guid":{"rendered":"https:\/\/sunny-project.eu\/?page_id=47"},"modified":"2025-05-07T17:05:28","modified_gmt":"2025-05-07T17:05:28","slug":"news-events","status":"publish","type":"page","link":"https:\/\/sunny-project.eu\/fr\/news-events\/","title":{"rendered":"Actualit\u00e9s et \u00e9v\u00e9nements"},"content":{"rendered":"<p>[et_pb_section fb_built=&#8221;1&#8243; _builder_version=&#8221;4.27.2&#8243; _module_preset=&#8221;default&#8221; use_background_color_gradient=&#8221;on&#8221; background_color_gradient_stops=&#8221;#63d469 0%|#0ac671 94%&#8221; global_colors_info=&#8221;{}&#8221;][et_pb_row column_structure=&#8221;1_2,1_2&#8243; _builder_version=&#8221;4.27.2&#8243; _module_preset=&#8221;default&#8221; width=&#8221;90%&#8221; custom_css_main_element=&#8221;display:flex;||align-items:center;&#8221; locked=&#8221;off&#8221; global_colors_info=&#8221;{}&#8221; custom_css_main_element_last_edited=&#8221;on|tablet&#8221; custom_css_main_element_tablet=&#8221;flex-direction:column;&#8221; custom_css_main_element_phone=&#8221;flex-direction:column;&#8221;][et_pb_column type=&#8221;1_2&#8243; _builder_version=&#8221;4.21.0&#8243; _module_preset=&#8221;default&#8221; global_colors_info=&#8221;{}&#8221;][et_pb_text _builder_version=&#8221;4.27.2&#8243; _module_preset=&#8221;default&#8221; text_text_color=&#8221;#47BD93&#8243; background_color=&#8221;#E2F2E9&#8243; custom_padding=&#8221;0.3rem|0.7rem|0.2rem|0.7rem|false|true&#8221; custom_css_main_element=&#8221;width:max-content;&#8221; border_radii=&#8221;on|5px|5px|5px|5px&#8221; global_colors_info=&#8221;{}&#8221;]<\/p>\n<p class=\"badge\">NEWS &amp; EVENTS<\/p>\n<p>[\/et_pb_text][et_pb_text module_id=&#8221;home-hero-title&#8221; _builder_version=&#8221;4.27.2&#8243; _module_preset=&#8221;default&#8221; locked=&#8221;off&#8221; global_colors_info=&#8221;{}&#8221;]<\/p>\n<h1 class=\"section-title\">Latest News &#038; Upcoming Events<\/h1>\n<p>[\/et_pb_text][et_pb_text _builder_version=&#8221;4.27.2&#8243; _module_preset=&#8221;default&#8221; locked=&#8221;off&#8221; global_colors_info=&#8221;{}&#8221;]<\/p>\n<p>Join the SUNNY community! Check out our next events and stay updated on our progress!<\/p>\n<p>[\/et_pb_text][et_pb_button button_url=&#8221;#latest-updates-section&#8221; button_text=&#8221;GET LATEST UPDATES&#8221; button_alignment=&#8221;left&#8221; _builder_version=&#8221;4.27.4&#8243; _module_preset=&#8221;default&#8221; custom_button=&#8221;on&#8221; button_text_size=&#8221;16px&#8221; button_bg_color=&#8221;#01160d&#8221; button_border_radius=&#8221;10px&#8221; button_use_icon=&#8221;off&#8221; custom_padding=&#8221;0.7rem||0.7rem||true|false&#8221; locked=&#8221;off&#8221; global_colors_info=&#8221;{}&#8221;][\/et_pb_button][\/et_pb_column][et_pb_column type=&#8221;1_2&#8243; _builder_version=&#8221;4.21.0&#8243; _module_preset=&#8221;default&#8221; global_colors_info=&#8221;{}&#8221;][et_pb_image src=&#8221;https:\/\/sunny-project.eu\/wp-content\/uploads\/2025\/01\/NEWS.png&#8221; title_text=&#8221;NEWS&#8221; _builder_version=&#8221;4.27.4&#8243; _module_preset=&#8221;default&#8221; border_radii=&#8221;on|20px|20px|20px|20px&#8221; global_colors_info=&#8221;{}&#8221;][\/et_pb_image][\/et_pb_column][\/et_pb_row][\/et_pb_section][et_pb_section fb_built=&#8221;1&#8243; module_id=&#8221;latest-updates-section&#8221; _builder_version=&#8221;4.27.2&#8243; _module_preset=&#8221;default&#8221; custom_padding=&#8221;||||false|false&#8221; link_option_url=&#8221;#latest-updates-section&#8221; global_colors_info=&#8221;{}&#8221;][et_pb_row _builder_version=&#8221;4.27.2&#8243; _module_preset=&#8221;default&#8221; locked=&#8221;off&#8221; global_colors_info=&#8221;{}&#8221;][et_pb_column type=&#8221;4_4&#8243; _builder_version=&#8221;4.27.2&#8243; _module_preset=&#8221;default&#8221; global_colors_info=&#8221;{}&#8221;][et_pb_text _builder_version=&#8221;4.27.2&#8243; _module_preset=&#8221;default&#8221; text_text_color=&#8221;#47BD93&#8243; background_color=&#8221;#E2F2E9&#8243; custom_padding=&#8221;0.3rem|0.7rem|0.2rem|0.7rem|false|true&#8221; custom_css_main_element=&#8221;width:max-content;||margin-inline:auto;&#8221; border_radii=&#8221;on|5px|5px|5px|5px&#8221; locked=&#8221;off&#8221; global_colors_info=&#8221;{}&#8221;]<\/p>\n<p class=\"badge\">NEWS &amp; EVENTS<\/p>\n<p>[\/et_pb_text][et_pb_text module_id=&#8221;home-hero-title&#8221; _builder_version=&#8221;4.27.2&#8243; _module_preset=&#8221;default&#8221; locked=&#8221;off&#8221; global_colors_info=&#8221;{}&#8221;]<\/p>\n<h1 class=\"section-title\" style=\"text-align: center;\">Upcoming Events<\/h1>\n<p>[\/et_pb_text][\/et_pb_column][\/et_pb_row][et_pb_row _builder_version=&#8221;4.27.2&#8243; _module_preset=&#8221;default&#8221; width=&#8221;90%&#8221; custom_padding=&#8221;0px||||false|false&#8221; global_colors_info=&#8221;{}&#8221;][et_pb_column type=&#8221;4_4&#8243; _builder_version=&#8221;4.27.2&#8243; _module_preset=&#8221;default&#8221; global_colors_info=&#8221;{}&#8221;][et_pb_text _builder_version=&#8221;4.27.2&#8243; _module_preset=&#8221;default&#8221; global_colors_info=&#8221;{}&#8221;]<\/p>\n    <section id=\"upcoming-events\">\r\n        <div class=\"grid-auto-fit grid-auto-fit__small-gap\">\r\n            <div class=\"no-upcoming-event\"> \r\n                            <p>\r\n                                No upcoming events. Sign up to our newsletter for regular updates and exclusive insights.\r\n                            <\/p>\r\n                            <a href=\"#newsletter\" class=\"btn\">Sign up for updates<\/a>\r\n                         <\/div>        <\/div>\r\n    <\/section>\r\n    \n<p>[\/et_pb_text][\/et_pb_column][\/et_pb_row][\/et_pb_section][et_pb_section fb_built=&#8221;1&#8243; _builder_version=&#8221;4.27.2&#8243; _module_preset=&#8221;default&#8221; background_color=&#8221;#f5fcf8&#8243; locked=&#8221;off&#8221; global_colors_info=&#8221;{}&#8221;][et_pb_row _builder_version=&#8221;4.27.2&#8243; _module_preset=&#8221;default&#8221; width=&#8221;90%&#8221; custom_padding=&#8221;||0px||false|false&#8221; locked=&#8221;off&#8221; global_colors_info=&#8221;{}&#8221;][et_pb_column type=&#8221;4_4&#8243; _builder_version=&#8221;4.21.0&#8243; _module_preset=&#8221;default&#8221; global_colors_info=&#8221;{}&#8221;][et_pb_text _builder_version=&#8221;4.27.2&#8243; _module_preset=&#8221;default&#8221; text_text_color=&#8221;#47BD93&#8243; background_color=&#8221;#E2F2E9&#8243; custom_padding=&#8221;0.3rem|0.7rem|0.2rem|0.7rem|false|true&#8221; custom_css_main_element=&#8221;width:max-content;||margin-inline:auto;&#8221; border_radii=&#8221;on|5px|5px|5px|5px&#8221; locked=&#8221;off&#8221; global_colors_info=&#8221;{}&#8221;]<\/p>\n<p class=\"badge\">NEWS &amp; EVENTS<\/p>\n<p>[\/et_pb_text][et_pb_text module_id=&#8221;home-hero-title&#8221; _builder_version=&#8221;4.27.2&#8243; _module_preset=&#8221;default&#8221; locked=&#8221;off&#8221; global_colors_info=&#8221;{}&#8221;]<\/p>\n<h1 class=\"section-title\" style=\"text-align: center;\">Latest Blog articles<\/h1>\n<p>[\/et_pb_text][\/et_pb_column][\/et_pb_row][et_pb_row _builder_version=&#8221;4.27.2&#8243; _module_preset=&#8221;default&#8221; width=&#8221;90%&#8221; global_colors_info=&#8221;{}&#8221;][et_pb_column type=&#8221;4_4&#8243; _builder_version=&#8221;4.27.2&#8243; _module_preset=&#8221;default&#8221; global_colors_info=&#8221;{}&#8221;][et_pb_text _builder_version=&#8221;4.27.2&#8243; _module_preset=&#8221;default&#8221; custom_margin=&#8221;||3rem||false|false&#8221; global_colors_info=&#8221;{}&#8221;]<\/p>\n    <!-- Latest Updates -->\r\n    <div id=\"latest-updates\">\r\n        <div class=\"section-margin-block event-section\">\r\n            <div class=\"grid-auto-fit grid-auto-fit__small-gap\">\r\n                                                  <div class=\"card-bg-color\">\r\n                                  <div class=\"image-box\">\r\n                                                                        <img decoding=\"async\" src=\"https:\/\/sunny-project.eu\/wp-content\/uploads\/2025\/10\/IMG_20250618_190635-scaled.jpg\" alt=\"Reflecting on SUNNY&#8217;s 2nd Consortium Meeting in Kigali &amp; Kihere, Rwanda\">\r\n                                  <\/div>\r\n                                  <div class=\"text-content\">\r\n                                      <p>7 months ago<\/p>\r\n                                      <h3>Reflecting on SUNNY&#8217;s 2nd Consortium Meeting in Kigali &amp; Kihere, Rwanda<\/h3>\r\n                                      <p class=\"paragraph my\">\r\n                                        From 16 to 19 June 2025, the partners of the SUNNY Project gathered in Rwanda for the project\u2019s\u2026                                      <\/p>\r\n                                      <div class=\"flex-sb\">\r\n                                        <a href=\"https:\/\/sunny-project.eu\/fr\/reflecting-on-sunnys-2nd-consortium-meeting-in-kigali-kihere-rwanda\/\" class=\"btn read-more-btn\">Read More<\/a>\r\n                                        <p>9 min read<\/p>\r\n                                      <\/div>\r\n                                  <\/div>\r\n                              <\/div>\r\n\r\n                                                          <div class=\"card-bg-color\">\r\n                                  <div class=\"image-box\">\r\n                                                                        <img decoding=\"async\" src=\"https:\/\/sunny-project.eu\/wp-content\/uploads\/2025\/05\/Refuse-biowaste-scaled.jpg\" alt=\"Insights from Bidibidi: A holistic approach on Biowaste\">\r\n                                  <\/div>\r\n                                  <div class=\"text-content\">\r\n                                      <p>12 months ago<\/p>\r\n                                      <h3>Insights from Bidibidi: A holistic approach on Biowaste<\/h3>\r\n                                      <p class=\"paragraph my\">\r\n                                        Insights from Bidibidi: A holistic approach on Biowaste How can organic waste in refugee settlements be transformed into\u2026                                      <\/p>\r\n                                      <div class=\"flex-sb\">\r\n                                        <a href=\"https:\/\/sunny-project.eu\/fr\/insights-from-bidibidi-a-holistic-approach-on-biowaste-2\/\" class=\"btn read-more-btn\">Read More<\/a>\r\n                                        <p>3 min read<\/p>\r\n                                      <\/div>\r\n                                  <\/div>\r\n                              <\/div>\r\n\r\n                                        <\/div>\r\n        <\/div>\r\n    <\/div>\r\n    \n<p>[\/et_pb_text][et_pb_button button_text=&#8221;ALL ARTICLES&#8221; button_alignment=&#8221;center&#8221; _builder_version=&#8221;4.27.4&#8243; _module_preset=&#8221;default&#8221; custom_button=&#8221;on&#8221; button_text_size=&#8221;16px&#8221; button_bg_color=&#8221;#01160d&#8221; button_border_radius=&#8221;10px&#8221; button_use_icon=&#8221;off&#8221; custom_padding=&#8221;0.7rem||0.7rem||true|false&#8221; hover_enabled=&#8221;0&#8243; global_colors_info=&#8221;{}&#8221; button_url=&#8221;https:\/\/sunny-project.eu\/blog\/&#8221; sticky_enabled=&#8221;0&#8243;][\/et_pb_button][\/et_pb_column][\/et_pb_row][\/et_pb_section][et_pb_section fb_built=&#8221;1&#8243; _builder_version=&#8221;4.27.2&#8243; _module_preset=&#8221;default&#8221; custom_padding=&#8221;||||false|false&#8221; locked=&#8221;off&#8221; global_colors_info=&#8221;{}&#8221;][et_pb_row _builder_version=&#8221;4.27.4&#8243; _module_preset=&#8221;default&#8221; hover_enabled=&#8221;0&#8243; locked=&#8221;off&#8221; global_colors_info=&#8221;{}&#8221; custom_padding=&#8221;||0px||false|false&#8221; sticky_enabled=&#8221;0&#8243;][et_pb_column type=&#8221;4_4&#8243; _builder_version=&#8221;4.27.2&#8243; _module_preset=&#8221;default&#8221; global_colors_info=&#8221;{}&#8221;][et_pb_text _builder_version=&#8221;4.27.2&#8243; _module_preset=&#8221;default&#8221; text_text_color=&#8221;#47BD93&#8243; background_color=&#8221;#E2F2E9&#8243; custom_padding=&#8221;0.3rem|0.7rem|0.2rem|0.7rem|false|true&#8221; custom_css_main_element=&#8221;width:max-content;||margin-inline:auto;&#8221; border_radii=&#8221;on|5px|5px|5px|5px&#8221; locked=&#8221;off&#8221; global_colors_info=&#8221;{}&#8221;]<\/p>\n<p class=\"badge\">NEWS &amp; EVENTS<\/p>\n<p>[\/et_pb_text][et_pb_text module_id=&#8221;home-hero-title&#8221; _builder_version=&#8221;4.27.2&#8243; _module_preset=&#8221;default&#8221; locked=&#8221;off&#8221; global_colors_info=&#8221;{}&#8221;]<\/p>\n<h1 class=\"section-title\" style=\"text-align: center;\">Our Latest Newsletter Content<\/h1>\n<p>[\/et_pb_text][et_pb_text _builder_version=&#8221;4.27.4&#8243; _module_preset=&#8221;default&#8221; text_font=&#8221;|700|||||||&#8221; text_text_color=&#8221;#01160D&#8221; text_font_size=&#8221;26px&#8221; text_orientation=&#8221;center&#8221; hover_enabled=&#8221;0&#8243; global_colors_info=&#8221;{}&#8221; disabled_on=&#8221;on|on|on&#8221; disabled=&#8221;on&#8221; sticky_enabled=&#8221;0&#8243;]<\/p>\n<p>MAY 2025<\/p>\n<p>[\/et_pb_text][\/et_pb_column][\/et_pb_row][et_pb_row _builder_version=&#8221;4.27.2&#8243; _module_preset=&#8221;default&#8221; width=&#8221;90%&#8221; custom_margin=&#8221;-63px|auto||auto||&#8221; global_colors_info=&#8221;{}&#8221;][et_pb_column type=&#8221;4_4&#8243; _builder_version=&#8221;4.27.2&#8243; _module_preset=&#8221;default&#8221; global_colors_info=&#8221;{}&#8221;][et_pb_button button_url=&#8221;https:\/\/sunny-project.eu\/wp-content\/uploads\/2025\/05\/Newsletter-1-_-Reflecting-on-SUNNYs-beginnings-1.pdf&#8221; url_new_window=&#8221;on&#8221; button_text=&#8221;Download Newsletter &#8221; button_alignment=&#8221;center&#8221; _builder_version=&#8221;4.27.4&#8243; _module_preset=&#8221;default&#8221; custom_button=&#8221;on&#8221; button_text_size=&#8221;27px&#8221; button_bg_color=&#8221;#47BD93&#8243; hover_enabled=&#8221;0&#8243; global_colors_info=&#8221;{}&#8221; disabled_on=&#8221;on|on|on&#8221; disabled=&#8221;on&#8221; sticky_enabled=&#8221;0&#8243;][\/et_pb_button][et_pb_text _builder_version=&#8221;4.27.4&#8243; _module_preset=&#8221;default&#8221; text_font=&#8221;|&#8211;et_global_body_font_weight|||||||&#8221; custom_padding=&#8221;37px|||||&#8221; hover_enabled=&#8221;0&#8243; global_colors_info=&#8221;{}&#8221; disabled_on=&#8221;on|on|on&#8221; disabled=&#8221;on&#8221; sticky_enabled=&#8221;0&#8243;]<\/p>\n<p style=\"text-align: center;\"><strong>Sign up to our newsletter for regular updates and exclusive insights<\/strong><\/p>\n<p>[\/et_pb_text][\/et_pb_column][\/et_pb_row][et_pb_row _builder_version=&#8221;4.27.4&#8243; _module_preset=&#8221;default&#8221; custom_padding=&#8221;0px||||false|false&#8221; hover_enabled=&#8221;0&#8243; sticky_enabled=&#8221;0&#8243;][et_pb_column _builder_version=&#8221;4.27.4&#8243; _module_preset=&#8221;default&#8221; type=&#8221;4_4&#8243;][et_pb_text _builder_version=&#8221;4.27.4&#8243; _module_preset=&#8221;default&#8221; hover_enabled=&#8221;0&#8243; sticky_enabled=&#8221;0&#8243;]    <section id=\"latest-newsletter-content\">\r\n        <div class=\"grid-auto-fit grid-auto-fit__small-gap\">\r\n                                \r\n                        <div class=\"event-card newsletter_card\">\r\n                            <div class=\"event-date newsletter_publish_date\">\r\n                                <span class=\"date\">Mai 7, 2025 - <\/span>\r\n                            <\/div>\r\n                             <h3 class=\"event-title newsletter_title\">May 2025<\/h3>\r\n                            <div class=\"text-button\">\r\n                                <p class=\"event-excerpt\"><\/p>\r\n                                <a href=\"https:\/\/sunny-project.eu\/wp-content\/uploads\/2025\/05\/Newsletter-1-_-Reflecting-on-SUNNYs-beginnings-1.pdf\" download class=\"btn\">Download File<\/a>\r\n                            <\/div>\r\n                        <\/div>\r\n                                <\/div>\r\n    <\/section>\r\n    [\/et_pb_text][\/et_pb_column][\/et_pb_row][\/et_pb_section][et_pb_section fb_built=&#8221;1&#8243; module_id=&#8221;newsletter&#8221; _builder_version=&#8221;4.27.2&#8243; _module_preset=&#8221;default&#8221; use_background_color_gradient=&#8221;on&#8221; background_color_gradient_stops=&#8221;#63d469 0%|#0ac671 94%&#8221; locked=&#8221;off&#8221; global_colors_info=&#8221;{}&#8221;][et_pb_row _builder_version=&#8221;4.21.0&#8243; _module_preset=&#8221;default&#8221; width=&#8221;90%&#8221; locked=&#8221;off&#8221; global_colors_info=&#8221;{}&#8221;][et_pb_column type=&#8221;4_4&#8243; _builder_version=&#8221;4.21.0&#8243; _module_preset=&#8221;default&#8221; global_colors_info=&#8221;{}&#8221;][et_pb_text _builder_version=&#8221;4.27.4&#8243; _module_preset=&#8221;default&#8221; text_text_color=&#8221;#47BD93&#8243; background_color=&#8221;#E2F2E9&#8243; custom_padding=&#8221;0.3rem|0.7rem|0.2rem|0.7rem|false|true&#8221; custom_css_main_element=&#8221;width:max-content;||margin-inline:auto;&#8221; border_radii=&#8221;on|5px|5px|5px|5px&#8221; locked=&#8221;off&#8221; global_colors_info=&#8221;{}&#8221;]<\/p>\n<p class=\"badge\">NEWSLETTER<\/p>\n<p>[\/et_pb_text][et_pb_text module_id=&#8221;home-hero-title&#8221; _builder_version=&#8221;4.21.0&#8243; _module_preset=&#8221;default&#8221; locked=&#8221;off&#8221; global_colors_info=&#8221;{}&#8221;]<\/p>\n<h1 class=\"section-title\" style=\"text-align: center;\">Subscribe to the newsletter<\/h1>\n<p>[\/et_pb_text][et_pb_text _builder_version=&#8221;4.27.2&#8243; _module_preset=&#8221;default&#8221; text_orientation=&#8221;center&#8221; width=&#8221;46%&#8221; width_tablet=&#8221;50%&#8221; width_phone=&#8221;90%&#8221; width_last_edited=&#8221;on|tablet&#8221; module_alignment=&#8221;center&#8221; global_colors_info=&#8221;{}&#8221;]<\/p>\n<p>Subscribe below to our newsletter to stay updated on the latest information of the project progress!<\/p>\n<p>[\/et_pb_text][et_pb_code _builder_version=&#8221;4.27.4&#8243; _module_preset=&#8221;default&#8221; locked=&#8221;off&#8221; global_colors_info=&#8221;{}&#8221;]<\/p>\n<form action=\"https:\/\/sunny-project.us7.list-manage.com\/subscribe\/post?u=273a270d340ba14ae649e7efd&#038;id=4c520f0eb4&#038;f_id=008698e0f0\" method=\"post\" class=\"input-container\"><!-- [et_pb_line_break_holder] -->   <input type=\"email\" name=\"EMAIL\" class=\"inp-email\" placeholder=\"ENTER YOUR EMAIL\" required=\"\"><!-- [et_pb_line_break_holder] -->                <input type=\"submit\" value=\"SUBSCRIBE NOW\" class=\"input-btn submit\"><!-- [et_pb_line_break_holder] --><\/form>\n<p><!-- [et_pb_line_break_holder] --><!-- [et_pb_line_break_holder] --><\/p>\n<style><!-- [et_pb_line_break_holder] -->  .input-container {<!-- [et_pb_line_break_holder] -->    max-width:50%;<!-- [et_pb_line_break_holder] -->    display:flex;<!-- [et_pb_line_break_holder] -->    align-items:center;<!-- [et_pb_line_break_holder] -->    justify-content:center;<!-- [et_pb_line_break_holder] -->    position:relative;<!-- [et_pb_line_break_holder] -->    margin-inline:auto;<!-- [et_pb_line_break_holder] -->  }<!-- [et_pb_line_break_holder] -->  <!-- [et_pb_line_break_holder] -->  @media screen and (max-width:876px) {<!-- [et_pb_line_break_holder] -->    .input-container {<!-- [et_pb_line_break_holder] -->      max-width:100%;<!-- [et_pb_line_break_holder] -->    } <!-- [et_pb_line_break_holder] -->  }<!-- [et_pb_line_break_holder] -->  <!-- [et_pb_line_break_holder] -->  .inp-email {<!-- [et_pb_line_break_holder] -->    width:100%;<!-- [et_pb_line_break_holder] -->    border:none !important;<!-- [et_pb_line_break_holder] -->    padding:.7rem !important;<!-- [et_pb_line_break_holder] -->    border-radius:.4rem;<!-- [et_pb_line_break_holder] -->    background:rgba(255, 255, 255, .4) !important;<!-- [et_pb_line_break_holder] -->  }<!-- [et_pb_line_break_holder] -->  <!-- [et_pb_line_break_holder] -->  .input-btn.submit {<!-- [et_pb_line_break_holder] -->    position:absolute;<!-- [et_pb_line_break_holder] -->    right:0;<!-- [et_pb_line_break_holder] -->    padding:.7rem;<!-- [et_pb_line_break_holder] -->    border:none;<!-- [et_pb_line_break_holder] -->    color:#E2F2E9;<!-- [et_pb_line_break_holder] -->    background:#01160D;<!-- [et_pb_line_break_holder] -->    border-radius:.4rem;<!-- [et_pb_line_break_holder] -->    transition: background 400ms ease-in-out ;<!-- [et_pb_line_break_holder] -->    cursor:pointer;<!-- [et_pb_line_break_holder] -->  }<!-- [et_pb_line_break_holder] -->  <!-- [et_pb_line_break_holder] -->  .input-btn.submit:hover {<!-- [et_pb_line_break_holder] -->    background:#079354;<!-- [et_pb_line_break_holder] -->  }<!-- [et_pb_line_break_holder] -->  <!-- [et_pb_line_break_holder] --><!-- [et_pb_line_break_holder] --><\/style>\n<p>[\/et_pb_code][et_pb_social_media_follow _builder_version=&#8221;4.27.4&#8243; _module_preset=&#8221;default&#8221; text_orientation=&#8221;center&#8221; global_colors_info=&#8221;{}&#8221;][et_pb_social_media_follow_network social_network=&#8221;linkedin&#8221; url=&#8221;http:\/\/linkedin.com\/company\/sunny-project&#8221; _builder_version=&#8221;4.27.4&#8243; _module_preset=&#8221;default&#8221; background_color=&#8221;#007bb6&#8243; global_colors_info=&#8221;{}&#8221; follow_button=&#8221;off&#8221; url_new_window=&#8221;on&#8221;]linkedin[\/et_pb_social_media_follow_network][et_pb_social_media_follow_network social_network=&#8221;twitter&#8221; url=&#8221;https:\/\/x.com\/SunnyProjectEU&#8221; _builder_version=&#8221;4.27.4&#8243; _module_preset=&#8221;default&#8221; background_color=&#8221;#000000&#8243; global_colors_info=&#8221;{}&#8221; follow_button=&#8221;off&#8221; url_new_window=&#8221;on&#8221;]X[\/et_pb_social_media_follow_network][\/et_pb_social_media_follow][\/et_pb_column][\/et_pb_row][\/et_pb_section]<\/p>\n","protected":false},"excerpt":{"rendered":"","protected":false},"author":1,"featured_media":0,"parent":0,"menu_order":0,"comment_status":"closed","ping_status":"closed","template":"","meta":{"_acf_changed":false,"_et_pb_use_builder":"on","_et_pb_old_content":"<!-- wp:divi\/placeholder \/-->","_et_gb_content_width":"","footnotes":""},"class_list":["post-47","page","type-page","status-publish","hentry"],"acf":[],"_links":{"self":[{"href":"https:\/\/sunny-project.eu\/fr\/wp-json\/wp\/v2\/pages\/47","targetHints":{"allow":["GET"]}}],"collection":[{"href":"https:\/\/sunny-project.eu\/fr\/wp-json\/wp\/v2\/pages"}],"about":[{"href":"https:\/\/sunny-project.eu\/fr\/wp-json\/wp\/v2\/types\/page"}],"author":[{"embeddable":true,"href":"https:\/\/sunny-project.eu\/fr\/wp-json\/wp\/v2\/users\/1"}],"replies":[{"embeddable":true,"href":"https:\/\/sunny-project.eu\/fr\/wp-json\/wp\/v2\/comments?post=47"}],"version-history":[{"count":23,"href":"https:\/\/sunny-project.eu\/fr\/wp-json\/wp\/v2\/pages\/47\/revisions"}],"predecessor-version":[{"id":672,"href":"https:\/\/sunny-project.eu\/fr\/wp-json\/wp\/v2\/pages\/47\/revisions\/672"}],"wp:attachment":[{"href":"https:\/\/sunny-project.eu\/fr\/wp-json\/wp\/v2\/media?parent=47"}],"curies":[{"name":"wp","href":"https:\/\/api.w.org\/{rel}","templated":true}]}}